{"id":22602,"date":"2024-12-24T10:52:15","date_gmt":"2024-12-24T09:52:15","guid":{"rendered":"https:\/\/www.trainingmaastricht.com\/cms\/about-us\/"},"modified":"2025-02-16T12:53:16","modified_gmt":"2025-02-16T11:53:16","slug":"about-us","status":"publish","type":"page","link":"https:\/\/www.trainingmaastricht.com\/cms\/about-us\/","title":{"rendered":"Wie zijn wij"},"content":{"rendered":"\t\t<div data-elementor-type=\"wp-page\" data-elementor-id=\"22602\" class=\"elementor elementor-22602\">\n\t\t\t\t\t\t<section class=\" elementor-section elementor-top-section elementor-element elementor-element-4a6678be elementor-section-full_width elementor-section-height-min-height elementor-section-items-stretch elementor-section-content-middle elementor-reverse-tablet elementor-reverse-mobile elementor-section-height-default\" data-id=\"4a6678be\" data-element_type=\"section\" data-e-type=\"section\">\r\n\t\t\t\t\t\t\t\t<div class=\"elementor-container elementor-column-gap-no\">\r\n\t\t\t\t\r\n\t\t\t\t\t\t\t\t<div class=\" elementor-column elementor-col-50 elementor-top-column elementor-element elementor-element-6beb7cdf \" data-id=\"6beb7cdf\" data-element_type=\"column\" data-e-type=\"column\">\r\n\r\n\t\t\t\t\r\n\t\t\t\t<div class=\"elementor-widget-wrap elementor-element-populated\">\r\n\t\t\t\t\t\t\t\t\t\t\r\n\t\t\t\t\t\t<section class=\" elementor-section elementor-inner-section elementor-element elementor-element-3623ef3f elementor-section-full_width elementor-section-height-default elementor-section-height-default\" data-id=\"3623ef3f\" data-element_type=\"section\" data-e-type=\"section\">\r\n\t\t\t\t\t\t\t\t<div class=\"elementor-container elementor-column-gap-no\">\r\n\t\t\t\t\r\n\t\t\t\t\t\t\t\t<div class=\" elementor-column elementor-col-100 elementor-inner-column elementor-element elementor-element-4f13988f \" data-id=\"4f13988f\" data-element_type=\"column\" data-e-type=\"column\">\r\n\r\n\t\t\t\t\r\n\t\t\t\t<div class=\"elementor-widget-wrap elementor-element-populated\">\r\n\t\t\t\t\t\t\t\t\t\t\r\n\t\t\t\t\t\t<div class=\"elementor-element elementor-element-192ef982 elementor-invisible elementor-widget elementor-widget-heading\" data-id=\"192ef982\" data-element_type=\"widget\" data-e-type=\"widget\" data-settings=\"{&quot;_animation&quot;:&quot;fadeInUp&quot;}\" data-widget_type=\"heading.default\">\n\t\t\t\t<div class=\"elementor-widget-container\">\n\t\t\t\t\t<span class=\"elementor-heading-title elementor-size-default\">Hi <\/span>\t\t\t\t<\/div>\n\t\t\t\t<\/div>\n\t\t\t\t<div class=\"elementor-element elementor-element-2e662b40 elementor-widget-tablet_extra__width-initial elementor-widget elementor-widget-heading\" data-id=\"2e662b40\" data-element_type=\"widget\" data-e-type=\"widget\" data-widget_type=\"heading.default\">\n\t\t\t\t<div class=\"elementor-widget-container\">\n\t\t\t\t\t<h1 class=\"elementor-heading-title elementor-size-default\">Wij zijn de familie Leidsman<\/h1>\t\t\t\t<\/div>\n\t\t\t\t<\/div>\n\t\t\t\t<div class=\"elementor-element elementor-element-6ad43c94 elementor-widget__width-initial elementor-invisible elementor-widget elementor-widget-text-editor\" data-id=\"6ad43c94\" data-element_type=\"widget\" data-e-type=\"widget\" data-settings=\"{&quot;_animation&quot;:&quot;fadeInDown&quot;}\" data-widget_type=\"text-editor.default\">\n\t\t\t\t<div class=\"elementor-widget-container\">\n\t\t\t\t\t\t\t\t\t<p>Ons gezin bestaat uit 3 jongens genaamd Lloyd, Tyson en Lewis. Als je ons moet omschrijven dan zijn we een vrolijke familie die heel veel samen is en gehecht is aan elkaar. We zijn sportief en houden van reizen en het buitenleven zoals in Suriname.<\/p>\t\t\t\t\t\t\t\t<\/div>\n\t\t\t\t<\/div>\n\t\t\t\t\t\t<\/div>\r\n\t\t\t\t<\/div>\r\n\t\t\t\t\t\t\t\t<\/div>\r\n\t\t\t<\/section>\r\n\t\t\t\t\t\t\t<\/div>\r\n\t\t\t\t<\/div>\r\n\t\t\t\t\t\t\t\t\t<div class=\" elementor-column elementor-col-50 elementor-top-column elementor-element elementor-element-19f08bc0 \" data-id=\"19f08bc0\" data-element_type=\"column\" data-e-type=\"column\" data-settings=\"{&quot;background_background&quot;:&quot;classic&quot;}\">\r\n\r\n\t\t\t\t\r\n\t\t\t\t<div class=\"elementor-widget-wrap elementor-element-populated\">\r\n\t\t\t\t\t\t\t\t\t\t\r\n\t\t\t\t\t\t<div class=\"elementor-element elementor-element-6880f1b7 elementor-widget elementor-widget-spacer\" data-id=\"6880f1b7\" data-element_type=\"widget\" data-e-type=\"widget\" data-widget_type=\"spacer.default\">\n\t\t\t\t<div class=\"elementor-widget-container\">\n\t\t\t\t\t\t\t<div class=\"elementor-spacer\">\n\t\t\t<div class=\"elementor-spacer-inner\"><\/div>\n\t\t<\/div>\n\t\t\t\t\t\t<\/div>\n\t\t\t\t<\/div>\n\t\t\t\t\t\t<\/div>\r\n\t\t\t\t<\/div>\r\n\t\t\t\t\t\t\t\t<\/div>\r\n\t\t\t<\/section>\r\n\t\t\t\t\t<section class=\" elementor-section elementor-top-section elementor-element elementor-element-7b0bb22b elementor-section-full_width elementor-section-height-min-height elementor-section-items-stretch elementor-section-content-middle elementor-section-height-default\" data-id=\"7b0bb22b\" data-element_type=\"section\" data-e-type=\"section\">\r\n\t\t\t\t\t\t\t\t<div class=\"elementor-container elementor-column-gap-no\">\r\n\t\t\t\t\r\n\t\t\t\t\t\t\t\t<div class=\" elementor-column elementor-col-50 elementor-top-column elementor-element elementor-element-1a69f773 \" data-id=\"1a69f773\" data-element_type=\"column\" data-e-type=\"column\" data-settings=\"{&quot;background_background&quot;:&quot;classic&quot;}\">\r\n\r\n\t\t\t\t\r\n\t\t\t\t<div class=\"elementor-widget-wrap elementor-element-populated\">\r\n\t\t\t\t\t\t\t\t\t\t\r\n\t\t\t\t\t\t<div class=\"elementor-element elementor-element-1ed90e4d elementor-widget elementor-widget-spacer\" data-id=\"1ed90e4d\" data-element_type=\"widget\" data-e-type=\"widget\" data-widget_type=\"spacer.default\">\n\t\t\t\t<div class=\"elementor-widget-container\">\n\t\t\t\t\t\t\t<div class=\"elementor-spacer\">\n\t\t\t<div class=\"elementor-spacer-inner\"><\/div>\n\t\t<\/div>\n\t\t\t\t\t\t<\/div>\n\t\t\t\t<\/div>\n\t\t\t\t\t\t<\/div>\r\n\t\t\t\t<\/div>\r\n\t\t\t\t\t\t\t\t\t<div class=\" elementor-column elementor-col-50 elementor-top-column elementor-element elementor-element-52442402 \" data-id=\"52442402\" data-element_type=\"column\" data-e-type=\"column\">\r\n\r\n\t\t\t\t\r\n\t\t\t\t<div class=\"elementor-widget-wrap elementor-element-populated\">\r\n\t\t\t\t\t\t\t\t\t\t\r\n\t\t\t\t\t\t<div class=\"elementor-element elementor-element-1c5f4276 elementor-widget elementor-widget-heading\" data-id=\"1c5f4276\" data-element_type=\"widget\" data-e-type=\"widget\" data-widget_type=\"heading.default\">\n\t\t\t\t<div class=\"elementor-widget-container\">\n\t\t\t\t\t<h2 class=\"elementor-heading-title elementor-size-default\">Tunde Leidsman<\/h2>\t\t\t\t<\/div>\n\t\t\t\t<\/div>\n\t\t\t\t<div class=\"elementor-element elementor-element-5d1301a1 elementor-widget-tablet_extra__width-initial elementor-widget-mobile__width-inherit elementor-widget elementor-widget-text-editor\" data-id=\"5d1301a1\" data-element_type=\"widget\" data-e-type=\"widget\" data-widget_type=\"text-editor.default\">\n\t\t\t\t<div class=\"elementor-widget-container\">\n\t\t\t\t\t\t\t\t\t<p style=\"text-align: left;\">Tijdens trainingen en wedstrijden gebruik ik altijd een ervaring die ik als kind heb meegemaakt in Suriname.<br \/>In het onderstaande verhaal wil ik jullie hiermee laten kennismaken.<\/p><p>Spanning\u2026 laat ik niet de overhand nemen.<br \/>Ik wil winnen, maar moet mezelf beheersen\u2026.. KNAL!!!<br \/>We zijn weg \u201cthe lions are loose\u201d. Ik geniet van elke stap.<br \/>Ik stop zo effici\u00ebnt en effectief mogelijk veel kracht in mijn eerste passen,<br \/>ik denk er niet bij na maar ik geniet\u2026\u2026<br \/>\u201cVoor me rijdt een blauwe bus en de bestuurder lacht in de achteruitkijkspiegel.<br \/>Ik geniet van de regendruppels, die vallen op de zandweg.<br \/>Er ontstaan bruine grote en kleine plassen, de geur en geluiden van oerwoud, ik geniet.<br \/>Waar is de rest?<br \/>Ik wil winnen! De bus geeft gas!<br \/>Geef gas Tunde zeg ik tegen mezelf!!!<br \/>Blaffende honden! Hijgende jongens. Ik laat me niet afleiden en ik ga door, de bus komt dichterbij, de jongens zijn weg! De hond probeert te bijten\u2026 MIS! Nog sneller nu! Ik ben er bijna, nog even\u2026 Ik ben er als eerste en auw!De hond heeft me toch gebeten\u2026. De bestuurder komt naar me toe en lacht! Je hebt gewonnen zegt hij.<\/p><p>Ik dank mijn Opa!\u201d<\/p><p>Dit is en zal \u00e9\u00e9n van mijn belangrijkste ervaringen blijven met betrekking tot mijn sportcarri\u00e8re in het verleden en in de toekomst. Het heeft me geleerd, hoe om te gaan met discipline en mentaliteit.<br \/>Hoe cree\u00ebr en behoud je je motivatie om je doel te behalen. Is winnen alleen voldoende?<br \/>Vandaag de dag is sport, bewegen en gezondheid een passie voor me.<br \/>Door bewust hiermee bezig te zijn voel ik mezelf zoveel beter.<br \/>Graag wil ik mijn passie met jullie delen!<\/p>\t\t\t\t\t\t\t\t<\/div>\n\t\t\t\t<\/div>\n\t\t\t\t\t\t<\/div>\r\n\t\t\t\t<\/div>\r\n\t\t\t\t\t\t\t\t<\/div>\r\n\t\t\t<\/section>\r\n\t\t\t\t\t<section class=\" elementor-section elementor-top-section elementor-element elementor-element-0ed9d05 elementor-section-full_width elementor-section-height-min-height elementor-section-items-stretch elementor-section-content-middle elementor-reverse-tablet elementor-reverse-mobile elementor-section-height-default\" data-id=\"0ed9d05\" data-element_type=\"section\" data-e-type=\"section\" data-settings=\"{&quot;background_background&quot;:&quot;video&quot;}\">\r\n\t\t\t\t\t\t\t\t<div class=\"elementor-container elementor-column-gap-no\">\r\n\t\t\t\t\r\n\t\t\t\t\t\t\t\t<div class=\" elementor-column elementor-col-100 elementor-top-column elementor-element elementor-element-945ef9b \" data-id=\"945ef9b\" data-element_type=\"column\" data-e-type=\"column\">\r\n\r\n\t\t\t\t\r\n\t\t\t\t<div class=\"elementor-widget-wrap elementor-element-populated\">\r\n\t\t\t\t\t\t\t\t\t\t\r\n\t\t\t\t\t\t<div class=\"elementor-element elementor-element-a095b3e elementor-widget elementor-widget-image\" data-id=\"a095b3e\" data-element_type=\"widget\" data-e-type=\"widget\" data-widget_type=\"image.default\">\n\t\t\t\t<div class=\"elementor-widget-container\">\n\t\t\t\t\t\t\t\t\t\t\t\t\t\t\t<img fetchpriority=\"high\" decoding=\"async\" width=\"1024\" height=\"683\" src=\"https:\/\/www.trainingmaastricht.com\/cms\/wp-content\/uploads\/2024\/12\/WhatsApp-Image-2024-12-25-at-15.50.36-1024x683.jpeg\" class=\"attachment-large size-large wp-image-22781\" alt=\"\" srcset=\"https:\/\/www.trainingmaastricht.com\/cms\/wp-content\/uploads\/2024\/12\/WhatsApp-Image-2024-12-25-at-15.50.36-1024x683.jpeg 1024w, https:\/\/www.trainingmaastricht.com\/cms\/wp-content\/uploads\/2024\/12\/WhatsApp-Image-2024-12-25-at-15.50.36-800x533.jpeg 800w, https:\/\/www.trainingmaastricht.com\/cms\/wp-content\/uploads\/2024\/12\/WhatsApp-Image-2024-12-25-at-15.50.36-768x512.jpeg 768w, https:\/\/www.trainingmaastricht.com\/cms\/wp-content\/uploads\/2024\/12\/WhatsApp-Image-2024-12-25-at-15.50.36.jpeg 2048w\" sizes=\"(max-width: 1024px) 100vw, 1024px\" \/>\t\t\t\t\t\t\t\t\t\t\t\t\t\t\t<\/div>\n\t\t\t\t<\/div>\n\t\t\t\t<div class=\"elementor-element elementor-element-43d7f9a elementor-widget elementor-widget-heading\" data-id=\"43d7f9a\" data-element_type=\"widget\" data-e-type=\"widget\" data-widget_type=\"heading.default\">\n\t\t\t\t<div class=\"elementor-widget-container\">\n\t\t\t\t\t<h2 class=\"elementor-heading-title elementor-size-default\">Rachelle Leidsman<\/h2>\t\t\t\t<\/div>\n\t\t\t\t<\/div>\n\t\t\t\t\t\t<\/div>\r\n\t\t\t\t<\/div>\r\n\t\t\t\t\t\t\t\t<\/div>\r\n\t\t\t<\/section>\r\n\t\t\t\t\t<section class=\" elementor-section elementor-top-section elementor-element elementor-element-a7b8909 elementor-section-boxed elementor-section-height-default elementor-section-height-default\" data-id=\"a7b8909\" data-element_type=\"section\" data-e-type=\"section\">\r\n\t\t\t\t\t\t\t\t<div class=\"elementor-container elementor-column-gap-default\">\r\n\t\t\t\t\r\n\t\t\t\t\t\t\t\t<div class=\" elementor-column elementor-col-100 elementor-top-column elementor-element elementor-element-f24896b \" data-id=\"f24896b\" data-element_type=\"column\" data-e-type=\"column\">\r\n\r\n\t\t\t\t\r\n\t\t\t\t<div class=\"elementor-widget-wrap elementor-element-populated\">\r\n\t\t\t\t\t\t\t\t\t\t\r\n\t\t\t\t\t\t<div class=\"elementor-element elementor-element-0c326e9 elementor-widget elementor-widget-text-editor\" data-id=\"0c326e9\" data-element_type=\"widget\" data-e-type=\"widget\" data-widget_type=\"text-editor.default\">\n\t\t\t\t<div class=\"elementor-widget-container\">\n\t\t\t\t\t\t\t\t\t<p style=\"text-align: left;\">In 2011 tijdens de Europese indoorkampioenschappen voor masters werd mij de rol van coach aan mij toebedeeld. <br \/>In de 1e ronde van het atletiektoernooi, kreeg mijn partner krampverschijnselen tijdens de warming up met nog ongeveer 65 min voor de start van de eerste serieloop.<br \/>Op dat moment zonk letterlijk de moed in zijn schoenen.<br \/>Je zag angst, belemmering en aarzeling om door te gaan. Negativiteit van de kramp nam de overhand.<br \/>De rush van de wedstrijd, het gevoel ik kan dit aan en ik ga winnen was weg.<br \/>Voor mij zaak was om dit gevoel van vertrouwen en overtuiging weer terug te krijgen.<br \/>Laat je je leiden door angst, of bepaal jij wat je doet met je angst? Wat is het ergste wat je kunt overkomen en wat doet het met je als dit gebeurd? <br \/>Allemaal vragen die ik heb gesteld, om de negatieve aandacht van zijn blessure om te zetten in positieve aandacht. <br \/>Paniek trok weg en de kalmte en innerlijke kracht kwam terug.<br \/>Hij begon weer te geloven. De pijn was niet weg, maar het was geen struikelblok.<br \/>Mentaal was hij sterker dan zijn fysieke staat!<\/p><p>Gezondheid en fitheid bestaan voor mij uit verschillende factoren en zijn continu in beweging. <br \/>Om van punt A naar B te komen doorloop je verschillende fases, zoek je naar een harmonie en evenwicht zodat je je uiteindelijk lekker voelt in het ritme wat voor jou als persoon belangrijk is. Of je nou meedoet aan kampioenschappen of je staat aan het begin van een nieuwe uitdaging.<br \/>Iedereen is uniek en gaat hier anders mee om.<\/p><p>Door mijn werkervaring en studie in social work, probeer ik binnen Training Maastricht niet alleen te kijken naar het sporten maar naar het totaal beeld. <br \/>Wat is voor jou belangrijk? Wat drijft je? Wat voor tools heb je hiervoor nodig?<br \/>Zo ben ik onder andere bezig met het ontwikkelen van de website, nieuwe concepten, voeding, evenementen en begeleid ik Tunde met zijn wedstrijden.<br \/>Zelf heb ik in een korte trainingsperiode na mijn zwangerschap een 1\/2 marathon gelopen in Formentera in 2016.<\/p><p>Be inspired, motivated and stay true to yourself.<\/p>\t\t\t\t\t\t\t\t<\/div>\n\t\t\t\t<\/div>\n\t\t\t\t\t\t<\/div>\r\n\t\t\t\t<\/div>\r\n\t\t\t\t\t\t\t\t<\/div>\r\n\t\t\t<\/section>\r\n\t\t\t\t\t<\/div>\n\t\t","protected":false},"excerpt":{"rendered":"<p>Hi Wij zijn de familie Leidsman Ons gezin bestaat uit 3 jongens genaamd Lloyd, Tyson en Lewis. Als je ons moet omschrijven dan zijn we een vrolijke familie die heel veel samen is en gehecht is aan elkaar. We zijn sportief en houden van reizen en het buitenleven zoals in Suriname. Tunde Leidsman Tijdens trainingen [&hellip;]<\/p>\n","protected":false},"author":1,"featured_media":0,"parent":0,"menu_order":0,"comment_status":"closed","ping_status":"closed","template":"elementor_header_footer","meta":{"_acf_changed":false,"_joinchat":[],"footnotes":""},"class_list":["post-22602","page","type-page","status-publish","hentry"],"acf":[],"yoast_head":"<!-- This site is optimized with the Yoast SEO plugin v27.4 - https:\/\/yoast.com\/product\/yoast-seo-wordpress\/ -->\n<title>Wie zijn wij - TM Personal Training | Sports and Athletics<\/title>\n<meta name=\"description\" content=\"Bootcamp, Personal Training, Krachttraining, Free workout video&#039;s en gezonde recepten.\" \/>\n<meta name=\"robots\" content=\"index, follow, max-snippet:-1, max-image-preview:large, max-video-preview:-1\" \/>\n<link rel=\"canonical\" href=\"https:\/\/www.trainingmaastricht.com\/cms\/about-us\/\" \/>\n<meta property=\"og:locale\" content=\"nl_NL\" \/>\n<meta property=\"og:type\" content=\"article\" \/>\n<meta property=\"og:title\" content=\"Wie zijn wij - TM Personal Training | Sports and Athletics\" \/>\n<meta property=\"og:description\" content=\"Bootcamp, Personal Training, Krachttraining, Free workout video&#039;s en gezonde recepten.\" \/>\n<meta property=\"og:url\" content=\"https:\/\/www.trainingmaastricht.com\/cms\/about-us\/\" \/>\n<meta property=\"og:site_name\" content=\"TM Personal Training | Sports and Athletics\" \/>\n<meta property=\"article:publisher\" content=\"http:\/\/www.facebook.com\/trainingmaastricht\" \/>\n<meta property=\"article:modified_time\" content=\"2025-02-16T11:53:16+00:00\" \/>\n<meta property=\"og:image\" content=\"https:\/\/www.trainingmaastricht.com\/cms\/wp-content\/uploads\/2024\/12\/WhatsApp-Image-2024-12-25-at-15.50.36.jpeg\" \/>\n\t<meta property=\"og:image:width\" content=\"2048\" \/>\n\t<meta property=\"og:image:height\" content=\"1365\" \/>\n\t<meta property=\"og:image:type\" content=\"image\/jpeg\" \/>\n<meta name=\"twitter:card\" content=\"summary_large_image\" \/>\n<meta name=\"twitter:label1\" content=\"Geschatte leestijd\" \/>\n\t<meta name=\"twitter:data1\" content=\"4 minuten\" \/>\n<script type=\"application\/ld+json\" class=\"yoast-schema-graph\">{\"@context\":\"https:\\\/\\\/schema.org\",\"@graph\":[{\"@type\":\"WebPage\",\"@id\":\"https:\\\/\\\/www.trainingmaastricht.com\\\/cms\\\/about-us\\\/\",\"url\":\"https:\\\/\\\/www.trainingmaastricht.com\\\/cms\\\/about-us\\\/\",\"name\":\"Wie zijn wij - TM Personal Training | Sports and Athletics\",\"isPartOf\":{\"@id\":\"https:\\\/\\\/www.trainingmaastricht.com\\\/cms\\\/#website\"},\"primaryImageOfPage\":{\"@id\":\"https:\\\/\\\/www.trainingmaastricht.com\\\/cms\\\/about-us\\\/#primaryimage\"},\"image\":{\"@id\":\"https:\\\/\\\/www.trainingmaastricht.com\\\/cms\\\/about-us\\\/#primaryimage\"},\"thumbnailUrl\":\"https:\\\/\\\/www.trainingmaastricht.com\\\/cms\\\/wp-content\\\/uploads\\\/2024\\\/12\\\/WhatsApp-Image-2024-12-25-at-15.50.36-1024x683.jpeg\",\"datePublished\":\"2024-12-24T09:52:15+00:00\",\"dateModified\":\"2025-02-16T11:53:16+00:00\",\"description\":\"Bootcamp, Personal Training, Krachttraining, Free workout video's en gezonde recepten.\",\"inLanguage\":\"nl-NL\",\"potentialAction\":[{\"@type\":\"ReadAction\",\"target\":[\"https:\\\/\\\/www.trainingmaastricht.com\\\/cms\\\/about-us\\\/\"]}]},{\"@type\":\"ImageObject\",\"inLanguage\":\"nl-NL\",\"@id\":\"https:\\\/\\\/www.trainingmaastricht.com\\\/cms\\\/about-us\\\/#primaryimage\",\"url\":\"https:\\\/\\\/www.trainingmaastricht.com\\\/cms\\\/wp-content\\\/uploads\\\/2024\\\/12\\\/WhatsApp-Image-2024-12-25-at-15.50.36.jpeg\",\"contentUrl\":\"https:\\\/\\\/www.trainingmaastricht.com\\\/cms\\\/wp-content\\\/uploads\\\/2024\\\/12\\\/WhatsApp-Image-2024-12-25-at-15.50.36.jpeg\",\"width\":2048,\"height\":1365},{\"@type\":\"WebSite\",\"@id\":\"https:\\\/\\\/www.trainingmaastricht.com\\\/cms\\\/#website\",\"url\":\"https:\\\/\\\/www.trainingmaastricht.com\\\/cms\\\/\",\"name\":\"TM Personal Training | Sports and Athletics\",\"description\":\"\",\"publisher\":{\"@id\":\"https:\\\/\\\/www.trainingmaastricht.com\\\/cms\\\/#organization\"},\"potentialAction\":[{\"@type\":\"SearchAction\",\"target\":{\"@type\":\"EntryPoint\",\"urlTemplate\":\"https:\\\/\\\/www.trainingmaastricht.com\\\/cms\\\/?s={search_term_string}\"},\"query-input\":{\"@type\":\"PropertyValueSpecification\",\"valueRequired\":true,\"valueName\":\"search_term_string\"}}],\"inLanguage\":\"nl-NL\"},{\"@type\":\"Organization\",\"@id\":\"https:\\\/\\\/www.trainingmaastricht.com\\\/cms\\\/#organization\",\"name\":\"Training Maastricht\",\"url\":\"https:\\\/\\\/www.trainingmaastricht.com\\\/cms\\\/\",\"logo\":{\"@type\":\"ImageObject\",\"inLanguage\":\"nl-NL\",\"@id\":\"https:\\\/\\\/www.trainingmaastricht.com\\\/cms\\\/#\\\/schema\\\/logo\\\/image\\\/\",\"url\":\"https:\\\/\\\/www.trainingmaastricht.com\\\/cms\\\/wp-content\\\/uploads\\\/2016\\\/02\\\/logo-transparant-zwart-e1462911753662.png\",\"contentUrl\":\"https:\\\/\\\/www.trainingmaastricht.com\\\/cms\\\/wp-content\\\/uploads\\\/2016\\\/02\\\/logo-transparant-zwart-e1462911753662.png\",\"width\":150,\"height\":104,\"caption\":\"Training Maastricht\"},\"image\":{\"@id\":\"https:\\\/\\\/www.trainingmaastricht.com\\\/cms\\\/#\\\/schema\\\/logo\\\/image\\\/\"},\"sameAs\":[\"http:\\\/\\\/www.facebook.com\\\/trainingmaastricht\"]}]}<\/script>\n<!-- \/ Yoast SEO plugin. -->","yoast_head_json":{"title":"Wie zijn wij - TM Personal Training | Sports and Athletics","description":"Bootcamp, Personal Training, Krachttraining, Free workout video's en gezonde recepten.","robots":{"index":"index","follow":"follow","max-snippet":"max-snippet:-1","max-image-preview":"max-image-preview:large","max-video-preview":"max-video-preview:-1"},"canonical":"https:\/\/www.trainingmaastricht.com\/cms\/about-us\/","og_locale":"nl_NL","og_type":"article","og_title":"Wie zijn wij - TM Personal Training | Sports and Athletics","og_description":"Bootcamp, Personal Training, Krachttraining, Free workout video's en gezonde recepten.","og_url":"https:\/\/www.trainingmaastricht.com\/cms\/about-us\/","og_site_name":"TM Personal Training | Sports and Athletics","article_publisher":"http:\/\/www.facebook.com\/trainingmaastricht","article_modified_time":"2025-02-16T11:53:16+00:00","og_image":[{"width":2048,"height":1365,"url":"https:\/\/www.trainingmaastricht.com\/cms\/wp-content\/uploads\/2024\/12\/WhatsApp-Image-2024-12-25-at-15.50.36.jpeg","type":"image\/jpeg"}],"twitter_card":"summary_large_image","twitter_misc":{"Geschatte leestijd":"4 minuten"},"schema":{"@context":"https:\/\/schema.org","@graph":[{"@type":"WebPage","@id":"https:\/\/www.trainingmaastricht.com\/cms\/about-us\/","url":"https:\/\/www.trainingmaastricht.com\/cms\/about-us\/","name":"Wie zijn wij - TM Personal Training | Sports and Athletics","isPartOf":{"@id":"https:\/\/www.trainingmaastricht.com\/cms\/#website"},"primaryImageOfPage":{"@id":"https:\/\/www.trainingmaastricht.com\/cms\/about-us\/#primaryimage"},"image":{"@id":"https:\/\/www.trainingmaastricht.com\/cms\/about-us\/#primaryimage"},"thumbnailUrl":"https:\/\/www.trainingmaastricht.com\/cms\/wp-content\/uploads\/2024\/12\/WhatsApp-Image-2024-12-25-at-15.50.36-1024x683.jpeg","datePublished":"2024-12-24T09:52:15+00:00","dateModified":"2025-02-16T11:53:16+00:00","description":"Bootcamp, Personal Training, Krachttraining, Free workout video's en gezonde recepten.","inLanguage":"nl-NL","potentialAction":[{"@type":"ReadAction","target":["https:\/\/www.trainingmaastricht.com\/cms\/about-us\/"]}]},{"@type":"ImageObject","inLanguage":"nl-NL","@id":"https:\/\/www.trainingmaastricht.com\/cms\/about-us\/#primaryimage","url":"https:\/\/www.trainingmaastricht.com\/cms\/wp-content\/uploads\/2024\/12\/WhatsApp-Image-2024-12-25-at-15.50.36.jpeg","contentUrl":"https:\/\/www.trainingmaastricht.com\/cms\/wp-content\/uploads\/2024\/12\/WhatsApp-Image-2024-12-25-at-15.50.36.jpeg","width":2048,"height":1365},{"@type":"WebSite","@id":"https:\/\/www.trainingmaastricht.com\/cms\/#website","url":"https:\/\/www.trainingmaastricht.com\/cms\/","name":"TM Personal Training | Sports and Athletics","description":"","publisher":{"@id":"https:\/\/www.trainingmaastricht.com\/cms\/#organization"},"potentialAction":[{"@type":"SearchAction","target":{"@type":"EntryPoint","urlTemplate":"https:\/\/www.trainingmaastricht.com\/cms\/?s={search_term_string}"},"query-input":{"@type":"PropertyValueSpecification","valueRequired":true,"valueName":"search_term_string"}}],"inLanguage":"nl-NL"},{"@type":"Organization","@id":"https:\/\/www.trainingmaastricht.com\/cms\/#organization","name":"Training Maastricht","url":"https:\/\/www.trainingmaastricht.com\/cms\/","logo":{"@type":"ImageObject","inLanguage":"nl-NL","@id":"https:\/\/www.trainingmaastricht.com\/cms\/#\/schema\/logo\/image\/","url":"https:\/\/www.trainingmaastricht.com\/cms\/wp-content\/uploads\/2016\/02\/logo-transparant-zwart-e1462911753662.png","contentUrl":"https:\/\/www.trainingmaastricht.com\/cms\/wp-content\/uploads\/2016\/02\/logo-transparant-zwart-e1462911753662.png","width":150,"height":104,"caption":"Training Maastricht"},"image":{"@id":"https:\/\/www.trainingmaastricht.com\/cms\/#\/schema\/logo\/image\/"},"sameAs":["http:\/\/www.facebook.com\/trainingmaastricht"]}]}},"_links":{"self":[{"href":"https:\/\/www.trainingmaastricht.com\/cms\/wp-json\/wp\/v2\/pages\/22602","targetHints":{"allow":["GET"]}}],"collection":[{"href":"https:\/\/www.trainingmaastricht.com\/cms\/wp-json\/wp\/v2\/pages"}],"about":[{"href":"https:\/\/www.trainingmaastricht.com\/cms\/wp-json\/wp\/v2\/types\/page"}],"author":[{"embeddable":true,"href":"https:\/\/www.trainingmaastricht.com\/cms\/wp-json\/wp\/v2\/users\/1"}],"replies":[{"embeddable":true,"href":"https:\/\/www.trainingmaastricht.com\/cms\/wp-json\/wp\/v2\/comments?post=22602"}],"version-history":[{"count":81,"href":"https:\/\/www.trainingmaastricht.com\/cms\/wp-json\/wp\/v2\/pages\/22602\/revisions"}],"predecessor-version":[{"id":23969,"href":"https:\/\/www.trainingmaastricht.com\/cms\/wp-json\/wp\/v2\/pages\/22602\/revisions\/23969"}],"wp:attachment":[{"href":"https:\/\/www.trainingmaastricht.com\/cms\/wp-json\/wp\/v2\/media?parent=22602"}],"curies":[{"name":"wp","href":"https:\/\/api.w.org\/{rel}","templated":true}]}}